{"id":148,"date":"2026-03-31T09:10:30","date_gmt":"2026-03-31T09:10:30","guid":{"rendered":"https:\/\/umbralab.cl\/?page_id=148"},"modified":"2026-03-31T15:20:07","modified_gmt":"2026-03-31T15:20:07","slug":"la-sombra-que-el-sol-no-ve","status":"publish","type":"page","link":"https:\/\/umbralab.cl\/","title":{"rendered":"Arriendo de Carpas beduinas. Dise\u00f1o modular"},"content":{"rendered":"\t\t<div data-elementor-type=\"wp-page\" data-elementor-id=\"148\" class=\"elementor elementor-148\">\n\t\t\t\t<div class=\"elementor-element elementor-element-d225114 e-flex e-con-boxed e-con e-parent\" data-id=\"d225114\" data-element_type=\"container\">\n\t\t\t\t\t<div class=\"e-con-inner\">\n\t\t\t\t<div class=\"elementor-element elementor-element-1f403bf elementor-widget-divider--view-line elementor-widget elementor-widget-divider\" data-id=\"1f403bf\" data-element_type=\"widget\" data-widget_type=\"divider.default\">\n\t\t\t\t\t\t\t<div class=\"elementor-divider\">\n\t\t\t<span class=\"elementor-divider-separator\">\n\t\t\t\t\t\t<\/span>\n\t\t<\/div>\n\t\t\t\t\t\t<\/div>\n\t\t\t\t<div class=\"elementor-element elementor-element-d68bfaa elementor-widget elementor-widget-heading\" data-id=\"d68bfaa\" data-element_type=\"widget\" data-widget_type=\"heading.default\">\n\t\t\t\t\t<h6 class=\"elementor-heading-title elementor-size-default\">Umbralab. La sombra que el sol no ve...<\/h6>\t\t\t\t<\/div>\n\t\t\t\t<div class=\"elementor-element elementor-element-b1873f8 elementor-widget-divider--view-line elementor-widget elementor-widget-divider\" data-id=\"b1873f8\" data-element_type=\"widget\" data-widget_type=\"divider.default\">\n\t\t\t\t\t\t\t<div class=\"elementor-divider\">\n\t\t\t<span class=\"elementor-divider-separator\">\n\t\t\t\t\t\t<\/span>\n\t\t<\/div>\n\t\t\t\t\t\t<\/div>\n\t\t\t\t\t<\/div>\n\t\t\t\t<\/div>\n\t\t<div class=\"elementor-element elementor-element-e60984b e-flex e-con-boxed e-con e-parent\" data-id=\"e60984b\" data-element_type=\"container\">\n\t\t\t\t\t<div class=\"e-con-inner\">\n\t\t\t\t<div class=\"elementor-element elementor-element-3ad9e50 elementor-arrows-position-inside elementor-pagination-position-outside elementor-widget elementor-widget-image-carousel\" data-id=\"3ad9e50\" data-element_type=\"widget\" data-settings=\"{&quot;slides_to_show&quot;:&quot;1&quot;,&quot;navigation&quot;:&quot;both&quot;,&quot;autoplay&quot;:&quot;yes&quot;,&quot;pause_on_hover&quot;:&quot;yes&quot;,&quot;pause_on_interaction&quot;:&quot;yes&quot;,&quot;autoplay_speed&quot;:5000,&quot;infinite&quot;:&quot;yes&quot;,&quot;effect&quot;:&quot;slide&quot;,&quot;speed&quot;:500}\" data-widget_type=\"image-carousel.default\">\n\t\t\t\t\t\t\t<div class=\"elementor-image-carousel-wrapper swiper\" role=\"region\" aria-roledescription=\"carousel\" aria-label=\"Carrusel de im\u00e1genes\" dir=\"ltr\">\n\t\t\t<div class=\"elementor-image-carousel swiper-wrapper\" aria-live=\"off\">\n\t\t\t\t\t\t\t\t<div class=\"swiper-slide\" role=\"group\" aria-roledescription=\"slide\" aria-label=\"1 de 9\"><a data-elementor-open-lightbox=\"yes\" data-elementor-lightbox-slideshow=\"3ad9e50\" data-elementor-lightbox-title=\"Ubralab-Chile (2)\" data-e-action-hash=\"#elementor-action%3Aaction%3Dlightbox%26settings%3DeyJpZCI6MTQ5LCJ1cmwiOiJodHRwczpcL1wvdW1icmFsYWIuY2xcL3dwLWNvbnRlbnRcL3VwbG9hZHNcLzIwMjZcLzAzXC9VYnJhbGFiLUNoaWxlLTIuanBnIiwic2xpZGVzaG93IjoiM2FkOWU1MCJ9\" href=\"https:\/\/umbralab.cl\/wp-content\/uploads\/2026\/03\/Ubralab-Chile-2.jpg\"><figure class=\"swiper-slide-inner\"><img decoding=\"async\" class=\"swiper-slide-image\" src=\"https:\/\/umbralab.cl\/wp-content\/uploads\/2026\/03\/Ubralab-Chile-2.jpg\" alt=\"Ubralab-Chile (2)\" \/><\/figure><\/a><\/div><div class=\"swiper-slide\" role=\"group\" aria-roledescription=\"slide\" aria-label=\"2 de 9\"><a data-elementor-open-lightbox=\"yes\" data-elementor-lightbox-slideshow=\"3ad9e50\" data-elementor-lightbox-title=\"Ubralab-Chile (3)\" data-e-action-hash=\"#elementor-action%3Aaction%3Dlightbox%26settings%3DeyJpZCI6MTU1LCJ1cmwiOiJodHRwczpcL1wvdW1icmFsYWIuY2xcL3dwLWNvbnRlbnRcL3VwbG9hZHNcLzIwMjZcLzAzXC9VYnJhbGFiLUNoaWxlLTMuanBnIiwic2xpZGVzaG93IjoiM2FkOWU1MCJ9\" href=\"https:\/\/umbralab.cl\/wp-content\/uploads\/2026\/03\/Ubralab-Chile-3.jpg\"><figure class=\"swiper-slide-inner\"><img decoding=\"async\" class=\"swiper-slide-image\" src=\"https:\/\/umbralab.cl\/wp-content\/uploads\/2026\/03\/Ubralab-Chile-3-1024x576.jpg\" alt=\"Ubralab-Chile (3)\" \/><\/figure><\/a><\/div><div class=\"swiper-slide\" role=\"group\" aria-roledescription=\"slide\" aria-label=\"3 de 9\"><a data-elementor-open-lightbox=\"yes\" data-elementor-lightbox-slideshow=\"3ad9e50\" data-elementor-lightbox-title=\"Ubralab-Chile (7)\" data-e-action-hash=\"#elementor-action%3Aaction%3Dlightbox%26settings%3DeyJpZCI6MTUzLCJ1cmwiOiJodHRwczpcL1wvdW1icmFsYWIuY2xcL3dwLWNvbnRlbnRcL3VwbG9hZHNcLzIwMjZcLzAzXC9VYnJhbGFiLUNoaWxlLTcuanBnIiwic2xpZGVzaG93IjoiM2FkOWU1MCJ9\" href=\"https:\/\/umbralab.cl\/wp-content\/uploads\/2026\/03\/Ubralab-Chile-7.jpg\"><figure class=\"swiper-slide-inner\"><img decoding=\"async\" class=\"swiper-slide-image\" src=\"https:\/\/umbralab.cl\/wp-content\/uploads\/2026\/03\/Ubralab-Chile-7-1024x576.jpg\" alt=\"Ubralab-Chile (7)\" \/><\/figure><\/a><\/div><div class=\"swiper-slide\" role=\"group\" aria-roledescription=\"slide\" aria-label=\"4 de 9\"><a data-elementor-open-lightbox=\"yes\" data-elementor-lightbox-slideshow=\"3ad9e50\" data-elementor-lightbox-title=\"Ubralab-Chile (4)\" data-e-action-hash=\"#elementor-action%3Aaction%3Dlightbox%26settings%3DeyJpZCI6MTUxLCJ1cmwiOiJodHRwczpcL1wvdW1icmFsYWIuY2xcL3dwLWNvbnRlbnRcL3VwbG9hZHNcLzIwMjZcLzAzXC9VYnJhbGFiLUNoaWxlLTQuanBnIiwic2xpZGVzaG93IjoiM2FkOWU1MCJ9\" href=\"https:\/\/umbralab.cl\/wp-content\/uploads\/2026\/03\/Ubralab-Chile-4.jpg\"><figure class=\"swiper-slide-inner\"><img decoding=\"async\" class=\"swiper-slide-image\" src=\"https:\/\/umbralab.cl\/wp-content\/uploads\/2026\/03\/Ubralab-Chile-4-1024x576.jpg\" alt=\"Ubralab-Chile (4)\" \/><\/figure><\/a><\/div><div class=\"swiper-slide\" role=\"group\" aria-roledescription=\"slide\" aria-label=\"5 de 9\"><a data-elementor-open-lightbox=\"yes\" data-elementor-lightbox-slideshow=\"3ad9e50\" data-elementor-lightbox-title=\"Ubralab-Chile (5)\" data-e-action-hash=\"#elementor-action%3Aaction%3Dlightbox%26settings%3DeyJpZCI6MTUyLCJ1cmwiOiJodHRwczpcL1wvdW1icmFsYWIuY2xcL3dwLWNvbnRlbnRcL3VwbG9hZHNcLzIwMjZcLzAzXC9VYnJhbGFiLUNoaWxlLTUuanBnIiwic2xpZGVzaG93IjoiM2FkOWU1MCJ9\" href=\"https:\/\/umbralab.cl\/wp-content\/uploads\/2026\/03\/Ubralab-Chile-5.jpg\"><figure class=\"swiper-slide-inner\"><img decoding=\"async\" class=\"swiper-slide-image\" src=\"https:\/\/umbralab.cl\/wp-content\/uploads\/2026\/03\/Ubralab-Chile-5.jpg\" alt=\"Ubralab-Chile (5)\" \/><\/figure><\/a><\/div><div class=\"swiper-slide\" role=\"group\" aria-roledescription=\"slide\" aria-label=\"6 de 9\"><a data-elementor-open-lightbox=\"yes\" data-elementor-lightbox-slideshow=\"3ad9e50\" data-elementor-lightbox-title=\"Ubralab-Chile (8)\" data-e-action-hash=\"#elementor-action%3Aaction%3Dlightbox%26settings%3DeyJpZCI6MTU3LCJ1cmwiOiJodHRwczpcL1wvdW1icmFsYWIuY2xcL3dwLWNvbnRlbnRcL3VwbG9hZHNcLzIwMjZcLzAzXC9VYnJhbGFiLUNoaWxlLTguanBnIiwic2xpZGVzaG93IjoiM2FkOWU1MCJ9\" href=\"https:\/\/umbralab.cl\/wp-content\/uploads\/2026\/03\/Ubralab-Chile-8.jpg\"><figure class=\"swiper-slide-inner\"><img decoding=\"async\" class=\"swiper-slide-image\" src=\"https:\/\/umbralab.cl\/wp-content\/uploads\/2026\/03\/Ubralab-Chile-8-1024x576.jpg\" alt=\"Ubralab-Chile (8)\" \/><\/figure><\/a><\/div><div class=\"swiper-slide\" role=\"group\" aria-roledescription=\"slide\" aria-label=\"7 de 9\"><a data-elementor-open-lightbox=\"yes\" data-elementor-lightbox-slideshow=\"3ad9e50\" data-elementor-lightbox-title=\"Ubralab-Chile (6)\" data-e-action-hash=\"#elementor-action%3Aaction%3Dlightbox%26settings%3DeyJpZCI6MTU2LCJ1cmwiOiJodHRwczpcL1wvdW1icmFsYWIuY2xcL3dwLWNvbnRlbnRcL3VwbG9hZHNcLzIwMjZcLzAzXC9VYnJhbGFiLUNoaWxlLTYuanBnIiwic2xpZGVzaG93IjoiM2FkOWU1MCJ9\" href=\"https:\/\/umbralab.cl\/wp-content\/uploads\/2026\/03\/Ubralab-Chile-6.jpg\"><figure class=\"swiper-slide-inner\"><img decoding=\"async\" class=\"swiper-slide-image\" src=\"https:\/\/umbralab.cl\/wp-content\/uploads\/2026\/03\/Ubralab-Chile-6-1024x576.jpg\" alt=\"Ubralab-Chile (6)\" \/><\/figure><\/a><\/div><div class=\"swiper-slide\" role=\"group\" aria-roledescription=\"slide\" aria-label=\"8 de 9\"><a data-elementor-open-lightbox=\"yes\" data-elementor-lightbox-slideshow=\"3ad9e50\" data-elementor-lightbox-title=\"Ubralab-Chile (9)\" data-e-action-hash=\"#elementor-action%3Aaction%3Dlightbox%26settings%3DeyJpZCI6MTU0LCJ1cmwiOiJodHRwczpcL1wvdW1icmFsYWIuY2xcL3dwLWNvbnRlbnRcL3VwbG9hZHNcLzIwMjZcLzAzXC9VYnJhbGFiLUNoaWxlLTkuanBnIiwic2xpZGVzaG93IjoiM2FkOWU1MCJ9\" href=\"https:\/\/umbralab.cl\/wp-content\/uploads\/2026\/03\/Ubralab-Chile-9.jpg\"><figure class=\"swiper-slide-inner\"><img decoding=\"async\" class=\"swiper-slide-image\" src=\"https:\/\/umbralab.cl\/wp-content\/uploads\/2026\/03\/Ubralab-Chile-9-1024x576.jpg\" alt=\"Ubralab-Chile (9)\" \/><\/figure><\/a><\/div><div class=\"swiper-slide\" role=\"group\" aria-roledescription=\"slide\" aria-label=\"9 de 9\"><a data-elementor-open-lightbox=\"yes\" data-elementor-lightbox-slideshow=\"3ad9e50\" data-elementor-lightbox-title=\"Ubralab-Chile (1)\" data-e-action-hash=\"#elementor-action%3Aaction%3Dlightbox%26settings%3DeyJpZCI6MTUwLCJ1cmwiOiJodHRwczpcL1wvdW1icmFsYWIuY2xcL3dwLWNvbnRlbnRcL3VwbG9hZHNcLzIwMjZcLzAzXC9VYnJhbGFiLUNoaWxlLTEuanBnIiwic2xpZGVzaG93IjoiM2FkOWU1MCJ9\" href=\"https:\/\/umbralab.cl\/wp-content\/uploads\/2026\/03\/Ubralab-Chile-1.jpg\"><figure class=\"swiper-slide-inner\"><img decoding=\"async\" class=\"swiper-slide-image\" src=\"https:\/\/umbralab.cl\/wp-content\/uploads\/2026\/03\/Ubralab-Chile-1-1024x576.jpg\" alt=\"Ubralab-Chile (1)\" \/><\/figure><\/a><\/div>\t\t\t<\/div>\n\t\t\t\t\t\t\t\t\t\t\t\t<div class=\"elementor-swiper-button elementor-swiper-button-prev\" role=\"button\" tabindex=\"0\">\n\t\t\t\t\t\t<svg aria-hidden=\"true\" class=\"e-font-icon-svg e-eicon-chevron-left\" viewBox=\"0 0 1000 1000\" xmlns=\"http:\/\/www.w3.org\/2000\/svg\"><path d=\"M646 125C629 125 613 133 604 142L308 442C296 454 292 471 292 487 292 504 296 521 308 533L604 854C617 867 629 875 646 875 663 875 679 871 692 858 704 846 713 829 713 812 713 796 708 779 692 767L438 487 692 225C700 217 708 204 708 187 708 171 704 154 692 142 675 129 663 125 646 125Z\"><\/path><\/svg>\t\t\t\t\t<\/div>\n\t\t\t\t\t<div class=\"elementor-swiper-button elementor-swiper-button-next\" role=\"button\" tabindex=\"0\">\n\t\t\t\t\t\t<svg aria-hidden=\"true\" class=\"e-font-icon-svg e-eicon-chevron-right\" viewBox=\"0 0 1000 1000\" xmlns=\"http:\/\/www.w3.org\/2000\/svg\"><path d=\"M696 533C708 521 713 504 713 487 713 471 708 454 696 446L400 146C388 133 375 125 354 125 338 125 325 129 313 142 300 154 292 171 292 187 292 204 296 221 308 233L563 492 304 771C292 783 288 800 288 817 288 833 296 850 308 863 321 871 338 875 354 875 371 875 388 867 400 854L696 533Z\"><\/path><\/svg>\t\t\t\t\t<\/div>\n\t\t\t\t\n\t\t\t\t\t\t\t\t\t<div class=\"swiper-pagination\"><\/div>\n\t\t\t\t\t\t\t\t\t<\/div>\n\t\t\t\t\t\t<\/div>\n\t\t\t\t\t<\/div>\n\t\t\t\t<\/div>\n\t\t<div class=\"elementor-element elementor-element-199f901 e-flex e-con-boxed e-con e-parent\" data-id=\"199f901\" data-element_type=\"container\">\n\t\t\t\t\t<div class=\"e-con-inner\">\n\t\t\t\t<div class=\"elementor-element elementor-element-de1eaec elementor-widget elementor-widget-konte-posts-grid\" data-id=\"de1eaec\" data-element_type=\"widget\" data-widget_type=\"konte-posts-grid.default\">\n\t\t\t\t<div class=\"elementor-widget-container\">\n\t\t\t\t\t<div class=\"konte-post-grid post-grid clearfix columns-4 columns-gap-40  konte-post-grid--elementor\"><div class=\"post-88 post type-post status-publish format-standard hentry category-presentacion\">\n\t\t\t\t\t\n\t\t\t\t\t<div class=\"konte-post-grid__summary\">\n\t\t\t\t\t\t<h5 class=\"post-title\"><a href=\"https:\/\/umbralab.cl\/index.php\/2026\/01\/10\/sistema-modular\/\" rel=\"bookmark\">Dise\u00f1o Original<\/a><\/h5>\n\t\t\t\t\t\t<div class=\"post-summary\">Nuestro sistema modular permite configurar el espacio seg\u00fan el flujo de personas, el entorno natural y la experiencia deseada: Forma 1: Espacio central definido, ideal para recepci\u00f3n o informaci\u00f3n Forma&hellip;<\/div>\n\t\t\t\t\t\t<a class=\"button alt\" href=\"https:\/\/umbralab.cl\/index.php\/2026\/01\/10\/sistema-modular\/\">Continue reading<\/a>\n\t\t\t\t\t<\/div>\n\t\t\t\t<\/div><div class=\"post-84 post type-post status-publish format-standard hentry category-somos\">\n\t\t\t\t\t\n\t\t\t\t\t<div class=\"konte-post-grid__summary\">\n\t\t\t\t\t\t<h5 class=\"post-title\"><a href=\"https:\/\/umbralab.cl\/index.php\/2026\/01\/10\/quienes-somos\/\" rel=\"bookmark\">Qui\u00e9nes somos<\/a><\/h5>\n\t\t\t\t\t\t<div class=\"post-summary\">Somos una sociedad chilena que opera en la Quinta Regi\u00f3n y Regi\u00f3n Metropolitana, dedicada al dise\u00f1o, arriendo e implementaci\u00f3n de estructuras modulares para eventos y experiencias al aire libre. Nuestro&hellip;<\/div>\n\t\t\t\t\t\t<a class=\"button alt\" href=\"https:\/\/umbralab.cl\/index.php\/2026\/01\/10\/quienes-somos\/\">Continue reading<\/a>\n\t\t\t\t\t<\/div>\n\t\t\t\t<\/div><div class=\"post-1 post type-post status-publish format-standard hentry category-productos\">\n\t\t\t\t\t\n\t\t\t\t\t<div class=\"konte-post-grid__summary\">\n\t\t\t\t\t\t<h5 class=\"post-title\"><a href=\"https:\/\/umbralab.cl\/index.php\/2025\/11\/19\/arriendo-de-carpas-modulares\/\" rel=\"bookmark\">Toldos impermeables<\/a><\/h5>\n\t\t\t\t\t\t<div class=\"post-summary\">Arriendo de carpas modulares Nuestras carpas modulares son&nbsp;fabricadas en Chile, con altos est\u00e1ndares de calidad, por una empresa especializada y con un equipo de dise\u00f1o y trabajadores locales de Algarrobo,&hellip;<\/div>\n\t\t\t\t\t\t<a class=\"button alt\" href=\"https:\/\/umbralab.cl\/index.php\/2025\/11\/19\/arriendo-de-carpas-modulares\/\">Continue reading<\/a>\n\t\t\t\t\t<\/div>\n\t\t\t\t<\/div><div class=\"post-141 post type-post status-publish format-standard hentry category-presentacion\">\n\t\t\t\t\t\n\t\t\t\t\t<div class=\"konte-post-grid__summary\">\n\t\t\t\t\t\t<h5 class=\"post-title\"><a href=\"https:\/\/umbralab.cl\/index.php\/2026\/03\/31\/presupuesto\/\" rel=\"bookmark\">Presupuesto<\/a><\/h5>\n\t\t\t\t\t\t<div class=\"post-summary\">Escribenos con las caracter\u00edsticas de tu proyecto. Recibir\u00e1s todos los detalles, precios y log\u00edstica para que tu evento sea un \u00e9xito.<\/div>\n\t\t\t\t\t\t<a class=\"button alt\" href=\"https:\/\/umbralab.cl\/index.php\/2026\/03\/31\/presupuesto\/\">Continue reading<\/a>\n\t\t\t\t\t<\/div>\n\t\t\t\t<\/div><\/div>\t\t\t\t<\/div>\n\t\t\t\t<\/div>\n\t\t\t\t\t<\/div>\n\t\t\t\t<\/div>\n\t\t\t\t<\/div>\n\t\t","protected":false},"excerpt":{"rendered":"<p>Umbralab. La sombra que el sol no ve&#8230; Dise\u00f1o Original Nuestro sistema modular permite configurar el espacio seg\u00fan el flujo de personas, el entorno natural y la experiencia deseada: Forma&hellip;<\/p>\n","protected":false},"author":1,"featured_media":0,"parent":0,"menu_order":0,"comment_status":"closed","ping_status":"closed","template":"","meta":{"footnotes":""},"class_list":["post-148","page","type-page","status-publish","hentry"],"_links":{"self":[{"href":"https:\/\/umbralab.cl\/index.php\/wp-json\/wp\/v2\/pages\/148","targetHints":{"allow":["GET"]}}],"collection":[{"href":"https:\/\/umbralab.cl\/index.php\/wp-json\/wp\/v2\/pages"}],"about":[{"href":"https:\/\/umbralab.cl\/index.php\/wp-json\/wp\/v2\/types\/page"}],"author":[{"embeddable":true,"href":"https:\/\/umbralab.cl\/index.php\/wp-json\/wp\/v2\/users\/1"}],"replies":[{"embeddable":true,"href":"https:\/\/umbralab.cl\/index.php\/wp-json\/wp\/v2\/comments?post=148"}],"version-history":[{"count":37,"href":"https:\/\/umbralab.cl\/index.php\/wp-json\/wp\/v2\/pages\/148\/revisions"}],"predecessor-version":[{"id":234,"href":"https:\/\/umbralab.cl\/index.php\/wp-json\/wp\/v2\/pages\/148\/revisions\/234"}],"wp:attachment":[{"href":"https:\/\/umbralab.cl\/index.php\/wp-json\/wp\/v2\/media?parent=148"}],"curies":[{"name":"wp","href":"https:\/\/api.w.org\/{rel}","templated":true}]}}